{"id":3,"date":"2025-03-25T05:08:47","date_gmt":"2025-03-25T04:08:47","guid":{"rendered":"https:\/\/facturatotal.com\/?page_id=3"},"modified":"2025-04-22T01:01:45","modified_gmt":"2025-04-22T06:01:45","slug":"politica-privacidad","status":"publish","type":"page","link":"https:\/\/www.facturatotal.com\/?page_id=3","title":{"rendered":"Pol\u00edtica de privacidad"},"content":{"rendered":"\t\t<div data-elementor-type=\"wp-page\" data-elementor-id=\"3\" class=\"elementor elementor-3\" data-elementor-post-type=\"page\">\n\t\t\t\t<div class=\"elementor-element elementor-element-1de77e63 e-flex e-con-boxed e-con e-parent\" data-id=\"1de77e63\" data-element_type=\"container\">\n\t\t\t\t\t<div class=\"e-con-inner\">\n\t\t\t\t<div class=\"elementor-element elementor-element-50b235b1 elementor-widget elementor-widget-text-editor\" data-id=\"50b235b1\" data-element_type=\"widget\" data-widget_type=\"text-editor.default\">\n\t\t\t\t<div class=\"elementor-widget-container\">\n\t\t\t\t\t\t\t\t\t<p data-spm-anchor-id=\"a2ty_o01.29997173.0.i39.c51ac921MCiOje\"><strong>SysoftGroup S.A.C. <\/strong>es propietaria del nombre comercial <strong>FacturaTotal <\/strong>, su privacidad y la seguridad de sus datos son nuestra m\u00e1xima prioridad.<\/p>\n<p data-spm-anchor-id=\"a2ty_o01.29997173.0.i39.c51ac921MCiOje\">Nos comprometemos a proteger su informaci\u00f3n personal y garantizar que se utilice exclusivamente para los fines necesarios relacionados con nuestros servicios.<\/p>\n<p>No compartimos, vendemos ni alquilamos su informaci\u00f3n personal a terceros bajo ninguna circunstancia.<\/p>\n<p>Tampoco proporcionamos acceso externo a nuestras listas de correo o a los datos almacenados en nuestra plataforma.<\/p>\n<p>Todos los datos ingresados por los usuarios a trav\u00e9s de nuestros servicios son propiedad exclusiva de dichos usuarios o negocios.<\/p>\n<p>En cualquier momento, usted tiene el derecho de descargar sus datos, dejar de utilizar nuestros servicios o eliminar completamente su informaci\u00f3n de nuestro sistema.<\/p>\n<p>Recopilamos \u00fanicamente la informaci\u00f3n personal estrictamente necesaria para permitirle acceder y utilizar nuestros servicios de manera efectiva.<\/p>\n<p>Esta informaci\u00f3n puede incluir, entre otros datos: RUC, raz\u00f3n social o denominaci\u00f3n, nombres y apellidos, direcci\u00f3n f\u00edsica, c\u00f3digo postal, direcci\u00f3n de correo electr\u00f3nico, n\u00famero de tel\u00e9fono, fecha de nacimiento u otros datos requeridos para la generaci\u00f3n de documentos legales obligatorios.<\/p>\n<p data-spm-anchor-id=\"a2ty_o01.29997173.0.i38.c51ac921MCiOje\">Solo revelaremos su informaci\u00f3n personal si es requerido por ley o por una orden judicial v\u00e1lida.<\/p>\n<p data-spm-anchor-id=\"a2ty_o01.29997173.0.i38.c51ac921MCiOje\">Su confianza es fundamental para nosotros, y estamos comprometidos a mantenerla mediante pr\u00e1cticas transparentes y seguras en el manejo de sus datos.<\/p>\n<p data-spm-anchor-id=\"a2ty_o01.29997173.0.i38.c51ac921MCiOje\">SYSOFTGROUP SAC<br \/>RUC 20610404058<br \/>soporte@sysoftgroup.com<\/p>\t\t\t\t\t\t\t\t<\/div>\n\t\t\t\t<\/div>\n\t\t\t\t\t<\/div>\n\t\t\t\t<\/div>\n\t\t\t\t<\/div>\n\t\t","protected":false},"excerpt":{"rendered":"<p>SysoftGroup S.A.C. es propietaria del nombre comercial FacturaTotal , su privacidad y la seguridad de sus datos son nuestra m\u00e1xima prioridad. Nos comprometemos a proteger su informaci\u00f3n personal y garantizar que se utilice exclusivamente para los fines necesarios relacionados con nuestros servicios. No compartimos, vendemos ni alquilamos su informaci\u00f3n personal a terceros bajo ninguna circunstancia. [&hellip;]<\/p>\n","protected":false},"author":1,"featured_media":0,"parent":0,"menu_order":0,"comment_status":"closed","ping_status":"open","template":"","meta":{"footnotes":""},"class_list":["post-3","page","type-page","status-publish","hentry"],"_links":{"self":[{"href":"https:\/\/www.facturatotal.com\/index.php?rest_route=\/wp\/v2\/pages\/3","targetHints":{"allow":["GET"]}}],"collection":[{"href":"https:\/\/www.facturatotal.com\/index.php?rest_route=\/wp\/v2\/pages"}],"about":[{"href":"https:\/\/www.facturatotal.com\/index.php?rest_route=\/wp\/v2\/types\/page"}],"author":[{"embeddable":true,"href":"https:\/\/www.facturatotal.com\/index.php?rest_route=\/wp\/v2\/users\/1"}],"replies":[{"embeddable":true,"href":"https:\/\/www.facturatotal.com\/index.php?rest_route=%2Fwp%2Fv2%2Fcomments&post=3"}],"version-history":[{"count":3,"href":"https:\/\/www.facturatotal.com\/index.php?rest_route=\/wp\/v2\/pages\/3\/revisions"}],"predecessor-version":[{"id":268,"href":"https:\/\/www.facturatotal.com\/index.php?rest_route=\/wp\/v2\/pages\/3\/revisions\/268"}],"wp:attachment":[{"href":"https:\/\/www.facturatotal.com\/index.php?rest_route=%2Fwp%2Fv2%2Fmedia&parent=3"}],"curies":[{"name":"wp","href":"https:\/\/api.w.org\/{rel}","templated":true}]}}